{"id":644,"date":"2024-02-28T12:30:01","date_gmt":"2024-02-28T17:30:01","guid":{"rendered":"https:\/\/jardinssupremes.com\/?post_type=product&#038;p=644"},"modified":"2024-03-16T11:54:12","modified_gmt":"2024-03-16T16:54:12","slug":"patessurgeles","status":"publish","type":"product","link":"https:\/\/jardinssupremes.com\/?product=patessurgeles","title":{"rendered":"P\u00e2t\u00e9s surgel\u00e9s"},"content":{"rendered":"","protected":false},"excerpt":{"rendered":"","protected":false},"featured_media":597,"template":"","meta":[],"product_brand":[],"product_cat":[25],"product_tag":[],"class_list":{"0":"post-644","1":"product","2":"type-product","3":"status-publish","4":"has-post-thumbnail","6":"product_cat-metsprepares","8":"first","9":"instock","10":"shipping-taxable","11":"product-type-simple"},"aioseo_notices":[],"_links":{"self":[{"href":"https:\/\/jardinssupremes.com\/index.php?rest_route=\/wp\/v2\/product\/644","targetHints":{"allow":["GET"]}}],"collection":[{"href":"https:\/\/jardinssupremes.com\/index.php?rest_route=\/wp\/v2\/product"}],"about":[{"href":"https:\/\/jardinssupremes.com\/index.php?rest_route=\/wp\/v2\/types\/product"}],"version-history":[{"count":2,"href":"https:\/\/jardinssupremes.com\/index.php?rest_route=\/wp\/v2\/product\/644\/revisions"}],"predecessor-version":[{"id":1080,"href":"https:\/\/jardinssupremes.com\/index.php?rest_route=\/wp\/v2\/product\/644\/revisions\/1080"}],"wp:featuredmedia":[{"embeddable":true,"href":"https:\/\/jardinssupremes.com\/index.php?rest_route=\/wp\/v2\/media\/597"}],"wp:attachment":[{"href":"https:\/\/jardinssupremes.com\/index.php?rest_route=%2Fwp%2Fv2%2Fmedia&parent=644"}],"wp:term":[{"taxonomy":"product_brand","embeddable":true,"href":"https:\/\/jardinssupremes.com\/index.php?rest_route=%2Fwp%2Fv2%2Fproduct_brand&post=644"},{"taxonomy":"product_cat","embeddable":true,"href":"https:\/\/jardinssupremes.com\/index.php?rest_route=%2Fwp%2Fv2%2Fproduct_cat&post=644"},{"taxonomy":"product_tag","embeddable":true,"href":"https:\/\/jardinssupremes.com\/index.php?rest_route=%2Fwp%2Fv2%2Fproduct_tag&post=644"}],"curies":[{"name":"wp","href":"https:\/\/api.w.org\/{rel}","templated":true}]}}